{"id":3,"date":"2020-01-31T13:49:50","date_gmt":"2020-01-31T13:49:50","guid":{"rendered":"https:\/\/themes.muffingroup.com\/be\/journey2\/?page_id=3"},"modified":"2022-09-07T20:57:17","modified_gmt":"2022-09-07T20:57:17","slug":"politica-de-privacidad","status":"publish","type":"page","link":"https:\/\/canaryhousing.com\/fr\/politica-de-privacidad\/","title":{"rendered":"Politique de confidentialit\u00e9"},"content":{"rendered":"<div data-elementor-type=\"wp-page\" data-elementor-id=\"3\" class=\"elementor elementor-3\">\n\t\t\t\t\t\t\t\t\t<section class=\"elementor-section elementor-top-section elementor-element elementor-element-38000192 elementor-section-boxed elementor-section-height-default elementor-section-height-default tf-sticky-section tf-sticky-no\" data-id=\"38000192\" data-element_type=\"section\" data-settings=\"{&quot;tf_sticky&quot;:&quot;no&quot;}\">\n\t\t\t\t\t\t<div class=\"elementor-container elementor-column-gap-default\">\n\t\t\t\t\t<div class=\"elementor-column elementor-col-100 elementor-top-column elementor-element elementor-element-55b3aa0d\" data-id=\"55b3aa0d\" data-element_type=\"column\">\n\t\t\t<div class=\"elementor-widget-wrap elementor-element-populated\">\n\t\t\t\t\t\t\t\t<div class=\"elementor-element elementor-element-aa603a7 elementor-widget elementor-widget-text-editor\" data-id=\"aa603a7\" data-element_type=\"widget\" data-widget_type=\"text-editor.default\">\n\t\t\t\t<div class=\"elementor-widget-container\">\n\t\t\t<style>\/*! elementor - v3.13.2 - 11-05-2023 *\/\n.elementor-widget-text-editor.elementor-drop-cap-view-stacked .elementor-drop-cap{background-color:#69727d;color:#fff}.elementor-widget-text-editor.elementor-drop-cap-view-framed .elementor-drop-cap{color:#69727d;border:3px solid;background-color:transparent}.elementor-widget-text-editor:not(.elementor-drop-cap-view-default) .elementor-drop-cap{margin-top:8px}.elementor-widget-text-editor:not(.elementor-drop-cap-view-default) .elementor-drop-cap-letter{width:1em;height:1em}.elementor-widget-text-editor .elementor-drop-cap{float:left;text-align:center;line-height:1;font-size:50px}.elementor-widget-text-editor .elementor-drop-cap-letter{display:inline-block}<\/style>\t\t\t\t<!-- wp:heading {\"level\":3} -->\n<h3><\/h3>\n<!-- \/wp:heading -->\t\t\t\t\t\t<\/div>\n\t\t\t\t<\/div>\n\t\t\t\t\t<\/div>\n\t\t<\/div>\n\t\t\t\t\t\t\t<\/div>\n\t\t<\/section>\n\t\t\t\t<section class=\"elementor-section elementor-top-section elementor-element elementor-element-03067f2 elementor-section-boxed elementor-section-height-default elementor-section-height-default tf-sticky-section tf-sticky-no\" data-id=\"03067f2\" data-element_type=\"section\" data-settings=\"{&quot;tf_sticky&quot;:&quot;no&quot;}\">\n\t\t\t\t\t\t<div class=\"elementor-container elementor-column-gap-default\">\n\t\t\t\t\t<div class=\"elementor-column elementor-col-100 elementor-top-column elementor-element elementor-element-09c2e8a\" data-id=\"09c2e8a\" data-element_type=\"column\">\n\t\t\t<div class=\"elementor-widget-wrap elementor-element-populated\">\n\t\t\t\t\t\t\t\t<div class=\"elementor-element elementor-element-7308f98 elementor-widget elementor-widget-heading\" data-id=\"7308f98\" data-element_type=\"widget\" data-widget_type=\"heading.default\">\n\t\t\t\t<div class=\"elementor-widget-container\">\n\t\t\t<style>\/*! elementor - v3.13.2 - 11-05-2023 *\/\n.elementor-heading-title{padding:0;margin:0;line-height:1}.elementor-widget-heading .elementor-heading-title[class*=elementor-size-]>a{color:inherit;font-size:inherit;line-height:inherit}.elementor-widget-heading .elementor-heading-title.elementor-size-small{font-size:15px}.elementor-widget-heading .elementor-heading-title.elementor-size-medium{font-size:19px}.elementor-widget-heading .elementor-heading-title.elementor-size-large{font-size:29px}.elementor-widget-heading .elementor-heading-title.elementor-size-xl{font-size:39px}.elementor-widget-heading .elementor-heading-title.elementor-size-xxl{font-size:59px}<\/style><h1 class=\"elementor-heading-title elementor-size-default\">POL\u00cdTICA DE PRIVACIDAD<\/h1>\t\t<\/div>\n\t\t\t\t<\/div>\n\t\t\t\t\t<\/div>\n\t\t<\/div>\n\t\t\t\t\t\t\t<\/div>\n\t\t<\/section>\n\t\t\t\t<section class=\"elementor-section elementor-top-section elementor-element elementor-element-868f1bb elementor-section-boxed elementor-section-height-default elementor-section-height-default tf-sticky-section tf-sticky-no\" data-id=\"868f1bb\" data-element_type=\"section\" data-settings=\"{&quot;tf_sticky&quot;:&quot;no&quot;}\">\n\t\t\t\t\t\t<div class=\"elementor-container elementor-column-gap-default\">\n\t\t\t\t\t<div class=\"elementor-column elementor-col-100 elementor-top-column elementor-element elementor-element-490eccd\" data-id=\"490eccd\" data-element_type=\"column\">\n\t\t\t<div class=\"elementor-widget-wrap elementor-element-populated\">\n\t\t\t\t\t\t\t\t<div class=\"elementor-element elementor-element-a24d26f elementor-widget elementor-widget-text-editor\" data-id=\"a24d26f\" data-element_type=\"widget\" data-widget_type=\"text-editor.default\">\n\t\t\t\t<div class=\"elementor-widget-container\">\n\t\t\t\t\t\t\t<p>Se le informa que los datos personales que nos facilite voluntariamente, a trav\u00e9s de los distintos formularios de la web, ser\u00e1n tratados por Canaryhousing.com, <strong>DNI: 45728348R<\/strong> con domicilio en Calle Antonio Machado 26, 38678, Arme\u00f1ime, Santa Cruz de Tenerife cumpliendo con las medidas de seguridad exigidas en la legislaci\u00f3n vigente en materia de Protecci\u00f3n de Datos de Car\u00e1cter Personal.<\/p>\n<h2><strong>SUS DATOS SEGUROS<\/strong><\/h2>\n<p>Informaci\u00f3n en cumplimiento de la normativa de protecci\u00f3n de datos personales En Europa y en Espa\u00f1a existen normas de protecci\u00f3n de datos pensadas para proteger su informaci\u00f3n personal de obligado cumplimiento para nuestra entidad. Por ello, es muy importante para nosotros que entienda perfectamente qu\u00e9 vamos a hacer con los datos personales que le pedimos. As\u00ed, seremos transparentes y le daremos el control de sus datos, con un lenguaje sencillo y opciones claras que le permitir\u00e1n decidir qu\u00e9 haremos con su informaci\u00f3n personal. Por favor, si una vez le\u00edda la presente informaci\u00f3n le queda alguna duda, no dude en preguntarnos. Muchas gracias por su colaboraci\u00f3n.<\/p>\n<h3><strong>\u00bfQui\u00e9nes somos?<\/strong><\/h3>\n<ul>\n<li>Denominaci\u00f3n: Canaryhousing.com<\/li>\n<li>DNI: <strong>45728348R<\/strong><\/li>\n<li><strong>Actividad principal<\/strong>: GESTI\u00d3N Y MANTENIMIENTO VIVIENDAS VACACIONALES<\/li>\n<li><strong>Adresse<\/strong>: Calle Antonio Machado 26, Arme\u00f1ime, Santa Cruz de Tenerife<\/li>\n<li><strong>CP<\/strong>: 38678<\/li>\n<li><strong>Tel\u00e9fono de contacto<\/strong>: 682 190 847<\/li>\n<li><strong>Correo Electr\u00f3nico<\/strong>: info@canaryhousing.com<\/li>\n<li><strong>P\u00e1gina web<\/strong>: canaryhousing.com<\/li>\n<\/ul>\n<p>Estamos a su disposici\u00f3n, no dude en contactar con nosotros.<\/p>\n<h3><strong>\u00bfPara qu\u00e9 vamos a usar sus datos?<\/strong><\/h3>\n<p>Con car\u00e1cter general, sus datos personales ser\u00e1n usados para poder relacionarnos con usted y poder prestarle nuestros servicios. Asimismo, tambi\u00e9n pueden ser usados para otras actividades, como enviarle publicidad o promocionar nuestras actividades.<\/p>\n<h3><strong>\u00bfPor qu\u00e9 necesitan usar mis datos?<\/strong><\/h3>\n<p>Sus datos personales son necesarios para poder relacionarnos con usted y poder prestarle nuestros servicios tales como.<\/p>\n<ul>\n<li>Responder a tus preguntas, dudas o inquietudes.<\/li>\n<li>Satisfacer tus peticiones y\/o procesar tus pedidos, incluidas las transacciones de pago.<\/li>\n<li>Mantener, mejorar y proteger las aplicaciones o servicios que nos hayas solicitado, as\u00ed como prestar servicio de atenci\u00f3n al cliente.<\/li>\n<li>Realizar encuestas con el objetivo de evaluar, mantener y mejorar nuestros contenidos Web, aplicaciones y servicios para ofrecerte una mejor experiencia como usuario.<\/li>\n<li>Enviarte publicidad de nuestros productos o servicios o de productos o servicios relacionados con los que ya nos has solicitado.<\/li>\n<li>Gestionar y enviar informaci\u00f3n sobre promociones exclusivas, \u00faltimas novedades e informaci\u00f3n personalizada, adaptada al servicio que tienes con nosotros o que puede ser de tu inter\u00e9s.<\/li>\n<li>Responder al ejercicio de los derechos de privacidad, as\u00ed como a consultas y reclamaciones.<\/li>\n<li>Personalizar tu experiencia en nuestra Web.<\/li>\n<li>Gestionar solicitudes de trabajo.<\/li>\n<li>En este sentido, pondremos a su disposici\u00f3n una serie de casillas que le permitir\u00e1n decidir de manera clara y sencilla sobre el uso de su informaci\u00f3n personal.<\/li>\n<\/ul>\n<h3><strong>\u00bfCu\u00e1l es la legitimaci\u00f3n de los Usuarios para el Tratamiento de los Datos Personales?<\/strong><\/h3>\n<p>El consentimiento expreso es la base legal del tratamiento de los datos del usuario, requiriendo en su caso hacer click en las casillas de verificaci\u00f3n del usuario.<\/p>\n<p>Pediremos consentimiento expreso a la hora de contactar o dejar comentarios en nuestra web. A trav\u00e9s del consentimiento tambi\u00e9n basamos la oferta comercial de productos o servicios, sin embargo la retirada de este consentimiento no condiciona la ejecuci\u00f3n de la suscripci\u00f3n.<\/p>\n<h3><strong>\u00bfQui\u00e9n va a conocer la informaci\u00f3n que le pedimos?<\/strong><\/h3>\n<p>Con car\u00e1cter general, s\u00f3lo el personal de nuestra entidad que est\u00e9 debidamente autorizado podr\u00e1 tener conocimiento de la informaci\u00f3n que le pedimos.<\/p>\n<p>De igual modo, podr\u00e1n tener conocimiento de su informaci\u00f3n personal aquellas entidades que necesiten tener acceso a la misma para que podamos prestarle nuestros servicios.<\/p>\n<p>As\u00ed por ejemplo, nuestro banco conocer\u00e1 sus datos si el pago de nuestros servicios se realiza mediante tarjeta o transferencia bancaria.<\/p>\n<p>Asimismo, tendr\u00e1n conocimiento de su informaci\u00f3n aquellas entidades p\u00fablicas o privadas a las cuales estemos obligados a facilitar sus datos personales con motivo del cumplimiento de alguna ley.<\/p>\n<p>Poni\u00e9ndole un ejemplo, la Ley Tributaria obliga a facilitar a la Agencia Tributaria determinada informaci\u00f3n sobre operaciones econ\u00f3micas que superen una determinada cantidad.<\/p>\n<p>En el caso de que, al margen de los supuestos comentados, necesitemos dar a conocer su informaci\u00f3n personal a otras entidades, le solicitaremos previamente su permiso a trav\u00e9s de opciones claras que le permitir\u00e1n decidir a este respecto.<\/p>\n<h3><strong>\u00bfC\u00f3mo vamos a proteger sus datos?<\/strong><\/h3>\n<p>Protegeremos sus datos con medidas de seguridad eficaces en funci\u00f3n de los riesgos que conlleve el uso de su informaci\u00f3n.<\/p>\n<p>Para ello, nuestra entidad ha aprobado una Pol\u00edtica de Protecci\u00f3n de Datos y se realizan controles y auditor\u00edas anuales para verificar que sus datos personales est\u00e1n seguros en todo momento.<\/p>\n<h3><strong>\u00bfEnviaremos sus datos a otros pa\u00edses?<\/strong><\/h3>\n<p>En el mundo hay pa\u00edses que son seguros para sus datos y otros que no lo son tanto. As\u00ed por ejemplo, la Uni\u00f3n Europea es un entorno seguro para sus datos. Nuestra pol\u00edtica es no enviar su informaci\u00f3n personal a ning\u00fan pa\u00eds que no sea seguro desde el punto de vista de la protecci\u00f3n de sus datos.<\/p>\n<p>En el caso de que, con motivo de prestarle el servicio, sea imprescindible enviar sus datos a un pa\u00eds que no sea tan seguro como Espa\u00f1a, siempre le solicitaremos previamente su permiso y aplicaremos medidas de seguridad eficaces que reduzcan los riesgos del env\u00edo de su informaci\u00f3n personal a otro pa\u00eds.<\/p>\n<h3><strong>\u00bfDurante cu\u00e1nto tiempo conservar\u00e1n mis datos?<\/strong><\/h3>\n<p>Conservaremos sus datos durante nuestra relaci\u00f3n y mientras nos obliguen las leyes. Una vez finalizados los plazos legales aplicables, procederemos a eliminarlos de forma segura y respetuosa con el medio ambiente.<\/p>\n<h3><strong>\u00bfCu\u00e1les son mis derechos de protecci\u00f3n de datos?<\/strong><\/h3>\n<p>En cualquier momento puede dirigirse a nosotros para saber qu\u00e9 informaci\u00f3n tenemos sobre usted, rectificarla si fuese incorrecta y eliminarla una vez finalizada nuestra relaci\u00f3n, en el caso de que ello sea legalmente posible.<\/p>\n<p>Tambi\u00e9n tiene derecho a solicitar el traspaso de su informaci\u00f3n a otra entidad. Este derecho se llama \u201cportabilidad\u201d y puede ser \u00fatil en determinadas situaciones. Para solicitar alguno de estos derechos, deber\u00e1 realizar una solicitud escrita a nuestra direcci\u00f3n, junto con una fotocopia de su DNI, para poder identificarle.<\/p>\n<p>En las oficinas de nuestra entidad disponemos de formularios espec\u00edficos para solicitar dichos derechos y le ofrecemos nuestra ayuda para su cumplimentaci\u00f3n. Para saber m\u00e1s sobre sus derechos de protecci\u00f3n de datos, puede consultar la p\u00e1gina web de la Agencia Espa\u00f1ola de Protecci\u00f3n de Datos (<a href=\"https:\/\/www.aepd.es\/es\">www.agpd.es<\/a>).<\/p>\n<h3><strong>\u00bfPuedo retirar mi consentimiento si cambio de opini\u00f3n en alg\u00fan momento posterior?<\/strong><\/h3>\n<p>Usted puede retirar su consentimiento si cambia de opini\u00f3n sobre el uso de sus datos en cualquier momento. As\u00ed por ejemplo, si usted en su d\u00eda estuvo interesado\/a en recibir publicidad de nuestros productos o servicios, pero ya no desea recibir m\u00e1s publicidad, puede hac\u00e9rnoslo constar a trav\u00e9s del formulario de oposici\u00f3n al tratmiento disponible en las oficinas de nuestra entidad.<\/p>\n<p>En caso de que entienda que sus derechos han sido desatendidos, \u00bfd\u00f3nde puede formular una reclamaci\u00f3n? En caso de que entienda que sus derechos han sido desatendidos por nuestra entidad, puede formular una reclamaci\u00f3n en la Agencia Espa\u00f1ola de Protecci\u00f3n de Datos, a trav\u00e9s de alguno de los medios siguientes: Sede electr\u00f3nica: <a href=\"https:\/\/www.aepd.es\/es\">www.agpd.es<\/a> Direcci\u00f3n postal: Agencia Espa\u00f1ola de Protecci\u00f3n de Datos , C\/ Jorge Juan, 6 28001-Madrid V\u00eda telef\u00f3nica: Telf. 901 100 099 \/ Telf. 91 266 35 17 Formular una reclamaci\u00f3n en la Agencia Espa\u00f1ola de Protecci\u00f3n de Datos no conlleva ning\u00fan coste y no es necesaria la asistencia de abogado ni procurador.<\/p>\n<h3><strong>\u00bfElaboraremos perfiles sobre usted?<\/strong><\/h3>\n<p>Nuestra pol\u00edtica es no elaborar perfiles sobre los usuarios de nuestros servicios.<\/p>\n<h3><strong>\u00bfUsaremos sus datos para otros fines?<\/strong><\/h3>\n<p>Nuestra pol\u00edtica es la de no usar sus datos para otras finalidades distintas a las que le hemos explicado. No obstante, si necesit\u00e1semos usar sus datos para actividades distintas, siempre le solicitaremos previamente su permiso a trav\u00e9s de opciones claras que le permitir\u00e1n decidir al respecto.<\/p>\t\t\t\t\t\t<\/div>\n\t\t\t\t<\/div>\n\t\t\t\t\t<\/div>\n\t\t<\/div>\n\t\t\t\t\t\t\t<\/div>\n\t\t<\/section>\n\t\t\t\t\t\t\t<\/div>","protected":false},"excerpt":{"rendered":"<p>POL\u00cdTICA DE PRIVACIDAD Se le informa que los datos personales que nos facilite voluntariamente, a trav\u00e9s de los distintos formularios de la web, ser\u00e1n tratados por<span class=\"excerpt-hellip\"> [\u2026]<\/span><\/p>","protected":false},"author":2,"featured_media":0,"parent":0,"menu_order":0,"comment_status":"closed","ping_status":"closed","template":"","meta":{"_monsterinsights_skip_tracking":false,"_monsterinsights_sitenote_active":false,"_monsterinsights_sitenote_note":"","_monsterinsights_sitenote_category":0,"_joinchat":[]},"_links":{"self":[{"href":"https:\/\/canaryhousing.com\/fr\/wp-json\/wp\/v2\/pages\/3"}],"collection":[{"href":"https:\/\/canaryhousing.com\/fr\/wp-json\/wp\/v2\/pages"}],"about":[{"href":"https:\/\/canaryhousing.com\/fr\/wp-json\/wp\/v2\/types\/page"}],"author":[{"embeddable":true,"href":"https:\/\/canaryhousing.com\/fr\/wp-json\/wp\/v2\/users\/2"}],"replies":[{"embeddable":true,"href":"https:\/\/canaryhousing.com\/fr\/wp-json\/wp\/v2\/comments?post=3"}],"version-history":[{"count":0,"href":"https:\/\/canaryhousing.com\/fr\/wp-json\/wp\/v2\/pages\/3\/revisions"}],"wp:attachment":[{"href":"https:\/\/canaryhousing.com\/fr\/wp-json\/wp\/v2\/media?parent=3"}],"curies":[{"name":"wp","href":"https:\/\/api.w.org\/{rel}","templated":true}]}}