{"id":2055,"date":"2022-07-13T12:40:11","date_gmt":"2022-07-13T12:40:11","guid":{"rendered":"https:\/\/canaryhousing.com\/?page_id=2055"},"modified":"2022-09-07T20:58:32","modified_gmt":"2022-09-07T20:58:32","slug":"politica-de-cookies","status":"publish","type":"page","link":"https:\/\/canaryhousing.com\/fr\/politica-de-cookies\/","title":{"rendered":"Politique en mati\u00e8re de cookies"},"content":{"rendered":"<div data-elementor-type=\"wp-page\" data-elementor-id=\"2055\" class=\"elementor elementor-2055\">\n\t\t\t\t\t\t\t\t\t<section class=\"elementor-section elementor-top-section elementor-element elementor-element-0735683 elementor-section-boxed elementor-section-height-default elementor-section-height-default tf-sticky-section tf-sticky-no\" data-id=\"0735683\" data-element_type=\"section\" data-settings=\"{&quot;tf_sticky&quot;:&quot;no&quot;}\">\n\t\t\t\t\t\t<div class=\"elementor-container elementor-column-gap-default\">\n\t\t\t\t\t<div class=\"elementor-column elementor-col-100 elementor-top-column elementor-element elementor-element-b80600f\" data-id=\"b80600f\" data-element_type=\"column\">\n\t\t\t<div class=\"elementor-widget-wrap elementor-element-populated\">\n\t\t\t\t\t\t\t\t<div class=\"elementor-element elementor-element-5326fc6 elementor-widget elementor-widget-heading\" data-id=\"5326fc6\" data-element_type=\"widget\" data-widget_type=\"heading.default\">\n\t\t\t\t<div class=\"elementor-widget-container\">\n\t\t\t<style>\/*! elementor - v3.13.2 - 11-05-2023 *\/\n.elementor-heading-title{padding:0;margin:0;line-height:1}.elementor-widget-heading .elementor-heading-title[class*=elementor-size-]>a{color:inherit;font-size:inherit;line-height:inherit}.elementor-widget-heading .elementor-heading-title.elementor-size-small{font-size:15px}.elementor-widget-heading .elementor-heading-title.elementor-size-medium{font-size:19px}.elementor-widget-heading .elementor-heading-title.elementor-size-large{font-size:29px}.elementor-widget-heading .elementor-heading-title.elementor-size-xl{font-size:39px}.elementor-widget-heading .elementor-heading-title.elementor-size-xxl{font-size:59px}<\/style><h1 class=\"elementor-heading-title elementor-size-default\">POLITICA DE COOKIES<\/h1>\t\t<\/div>\n\t\t\t\t<\/div>\n\t\t\t\t\t<\/div>\n\t\t<\/div>\n\t\t\t\t\t\t\t<\/div>\n\t\t<\/section>\n\t\t\t\t<section class=\"elementor-section elementor-top-section elementor-element elementor-element-2131436 elementor-section-boxed elementor-section-height-default elementor-section-height-default tf-sticky-section tf-sticky-no\" data-id=\"2131436\" data-element_type=\"section\" data-settings=\"{&quot;tf_sticky&quot;:&quot;no&quot;}\">\n\t\t\t\t\t\t<div class=\"elementor-container elementor-column-gap-default\">\n\t\t\t\t\t<div class=\"elementor-column elementor-col-100 elementor-top-column elementor-element elementor-element-e3c8e9e\" data-id=\"e3c8e9e\" data-element_type=\"column\">\n\t\t\t<div class=\"elementor-widget-wrap elementor-element-populated\">\n\t\t\t\t\t\t\t\t<div class=\"elementor-element elementor-element-ca98b16 elementor-widget elementor-widget-text-editor\" data-id=\"ca98b16\" data-element_type=\"widget\" data-widget_type=\"text-editor.default\">\n\t\t\t\t<div class=\"elementor-widget-container\">\n\t\t\t<style>\/*! elementor - v3.13.2 - 11-05-2023 *\/\n.elementor-widget-text-editor.elementor-drop-cap-view-stacked .elementor-drop-cap{background-color:#69727d;color:#fff}.elementor-widget-text-editor.elementor-drop-cap-view-framed .elementor-drop-cap{color:#69727d;border:3px solid;background-color:transparent}.elementor-widget-text-editor:not(.elementor-drop-cap-view-default) .elementor-drop-cap{margin-top:8px}.elementor-widget-text-editor:not(.elementor-drop-cap-view-default) .elementor-drop-cap-letter{width:1em;height:1em}.elementor-widget-text-editor .elementor-drop-cap{float:left;text-align:center;line-height:1;font-size:50px}.elementor-widget-text-editor .elementor-drop-cap-letter{display:inline-block}<\/style>\t\t\t\t<h2><strong>Informaci\u00f3n sobre el uso de Cookies<\/strong><\/h2><p>Desde Canaryhousin.com deseamos informarte que nuestra p\u00e1gina web utiliza cookies para analizar la navegaci\u00f3n de usuarios y para brindarle una mejor experiencia en la navegaci\u00f3n.<\/p><p>Esto es algo habitual que hacen la totalidad de las webs (<em>a veces sin saberlo como muchos usuarios de blogs personales<\/em>), pero queremos ser claros y transparentes sobre el uso que se realiza de las mismas en nuestro caso.<\/p><h3><strong>\u00bfQu\u00e9 son las cookies?<\/strong><\/h3><p>Las cookies son unos peque\u00f1os archivos que se instalan en el equipo desde el que accedes a nuestra web con finalidades muy variadas vinculadas a la navegaci\u00f3n, como por ejemplo reconocerte cuando vuelves a nuestra web o recordar tus preferencias.<\/p><p>Las cookies resultan una herramienta esencial para una correcta navegaci\u00f3n en la mayor\u00eda de los sitios web (tambi\u00e9n en el nuestro), facilitando la usabilidad y la facilidad en la navegaci\u00f3n.<\/p><p>Las cookies tambi\u00e9n nos ayudan en ocasiones a localizar errores relacionados con la navegaci\u00f3n que de otra forma ser\u00edan dif\u00edciles de identificar, facilit\u00e1ndonos su correcci\u00f3n.<\/p><p>Una cookie en ning\u00fan caso puede da\u00f1ar tu equipo. El hecho de que ahora veas muchos avisos de uso de cookies no es porque sea algo nuevo (las cookies llevan con nosotros d\u00e9cadas), pero la novedad ahora es que se informa a los usuarios de qu\u00e9 datos se manejan con ellas (aunque sean los mismos de siempre).<\/p><h4><strong>Seg\u00fan el plazo que permanecen activas pueden ser:<\/strong><\/h4><p><strong>Cookies de sesi\u00f3n<\/strong>: Su duraci\u00f3n es muy corta, normalmente hasta que se cierra el navegador, o poco m\u00e1s, desapareciendo sin dejar rastro en el equipo. Su objetivo suele ser almacenar algunas variables o datos para ser usados a corto plazo, facilitando la navegaci\u00f3n y aumentando la usabilidad. Son las que m\u00e1s usamos, y permiten cosas como que puedas agregar cosas al carrito, que no tengas que rellenar de nuevo el formulario si tienes que volver hacia atr\u00e1s, etc&#8230;<\/p><p><strong>Cookies permanentes<\/strong>: Su duraci\u00f3n es mayor, aunque siempre con una duraci\u00f3n determinada (tienen fecha de borrado) y suele ser para almacenar datos que con diferentes objetivos es interesante que permanezcan almacenados m\u00e1s tiempo. Son por ejemplo las encargadas de recordar tu usuario cada vez que entras, y que no tengas que identificarte cada vez.<\/p><h4><strong>Seg\u00fan quien las gestione pueden ser:<\/strong><\/h4><p><strong>Cookies Propias<\/strong>: Son aquellas gestionadas exclusivamente por nosotros con el objetivo de facilitar la navegaci\u00f3n y el uso correcto de la web y el proceso de compra.<br \/><strong>Cookies de terceros<\/strong>: Son enviadas por una entidad distinta a nosotros, que ser\u00e1 la encargada de tratar los datos. Por ejemplo Google, que es nuestro proveedor de estad\u00edsticas con las que nos permite conocer mejor el comportamiento agregado (nunca individual). Muchas de estas cookies s\u00f3lo se instalan si vienes desde un tercero (pinchando en un anuncio, en un email, en una red social&#8230;).<br \/>Seg\u00fan su naturaleza u objetivo pueden ser:<\/p><p><strong>Cookies T\u00e9cnicas<\/strong>: Imprescindibles para el funcionamiento correcto de la web o de alguna funcionalidad. Son en su mayor\u00eda cookies propias, que usamos para mejorar nuestro servicio. Cosas tan b\u00e1sicas como recordar los productos que has agregado al carrito, reconocer tu usuario de cliente cada vez que entras (si te has identificado), recordar los datos de formulario por si tienes que volver atr\u00e1s, calcularte correctamente los gastos de env\u00edo, etc&#8230;<br \/><strong>Cookies anal\u00edticas<\/strong>: Permiten cuantificar a los usuarios y analizar su comportamiento en la navegaci\u00f3n, de manera agregada y an\u00f3nima. Suelen ser con cookies de terceros que nos proporcionan datos de qu\u00e9 p\u00e1ginas son las m\u00e1s visitadas, en qu\u00e9 hora, desde qu\u00e9 dispositivos, lo cual nos es de gran ayuda para mejorar la disposici\u00f3n de la web y conocer qu\u00e9 aspectos son los que m\u00e1s interesan o d\u00f3nde puede haber un problema de navegaci\u00f3n.<br \/><strong>Cookies publicitarias<\/strong>: Permiten medir y optimizar el impacto de las campa\u00f1as publicitarias. Tambi\u00e9n suelen ser cookies de terceros que nos permiten conocer el impacto que tiene una campa\u00f1a publicitaria en buscadores, redes sociales, mail, otros sitios web&#8230; Los datos que proporcionan son agregados y an\u00f3nimos, igual que las anal\u00edticas, con las que en ocasiones est\u00e1n integradas en los mismos informes.<\/p><h3><strong>Cookies que se utilizan en esta web<\/strong><\/h3><p>PHPSESSID: Cookie t\u00e9cnica y propia estrictamente necesaria que contiene el identificador de la sesi\u00f3n. Se elimina al cerrar el navegador.<br \/>Cookies: Cookie t\u00e9cnica propia y estrictamente necesaria que contiene el valor de si se ha aceptado la instalaci\u00f3n de cookies. Caduca a los 30 d\u00edas.<br \/>Recordar: Cookie t\u00e9cnica propia y estrictamente necesaria que recuerda a los clientes registrados (si marcan la opci\u00f3n de recordarles). Caduca a los 30 d\u00edas o al desconectar de la cuenta.<br \/>_ga: Cookie anal\u00edtica de terceros (Google Analytics) que habilita la funci\u00f3n de control de visitas \u00fanicas. La primera vez que un usuario entre en el sitio web a trav\u00e9s de un navegador se instalar\u00e1 esta cookie. Cuando este usuario vuelva a entrar en la web con el mismo navegador, la cookie considerar\u00e1 que es el mismo usuario. Solo en el caso de que el usuario cambie de navegador, se considerar\u00e1 otro usuario. Caduca a los 2 a\u00f1os desde la \u00faltima actualizaci\u00f3n.<br \/>_gid: Cookie anal\u00edtica de terceros (Google Analytics) que se usa para distinguir usuarios. Caduca a las 24 horas.<br \/>_gat: Cookie anal\u00edtica de terceros (Google Analytics). Se utiliza para limitar la velocidad de petici\u00f3n \u2013 la limitaci\u00f3n de la recogida de datos en los sitios de alto tr\u00e1fico. Caduca al minuto.<br \/>_gac: Cookie publicitaria de terceros (Google Adwords). Incluye informaci\u00f3n de la campa\u00f1a relativa al usuario. S\u00f3lo se instala si provienes de un anuncio de Google. Caduca a los 90 d\u00edas.<br \/>_gcl_aw: Cookie publicitaria de terceros (Google Adwords). Facilita el seguimiento de conversiones, permitiendo comprobar el rendimiento de las campa\u00f1as. S\u00f3lo se instala si provienes de un anuncio de Google. Caduca a los 90 d\u00edas.<br \/>df_search: Cookie anal\u00edtica de terceros (Doofinder) que registra las b\u00fasquedas realizadas y en qu\u00e9 productos se hace click, ayud\u00e1ndonos a mejorar los resultados de b\u00fasqueda. S\u00f3lo se instala tras realizar una b\u00fasqueda y caduca en 1 hora.<br \/>Este listado se ir\u00e1 actualizando peri\u00f3dicamente para mantenerte lo mejor informado posible sobre las cookies que utilizamos.<\/p><h3><strong>C\u00f3mo configurar o deshabilitar las cookies<\/strong><\/h3><p>Para permitir, conocer, bloquear o eliminar las cookies instaladas en tu equipo puedes hacerlo mediante la configuraci\u00f3n de las opciones del navegador instalado en su ordenador. Por ejemplo puedes encontrar informaci\u00f3n sobre c\u00f3mo hacerlo en el caso que uses como navegador:<\/p><p>Firefox: <a href=\"https:\/\/support.mozilla.org\/es\/kb\/habilitar-y-deshabilitar-cookies-sitios-web-rastrear-preferencias\" target=\"_blank\" rel=\"noopener noreferrer\">https:\/\/support.mozilla.org\/es\/kb\/habilitar-y-deshabilitar-cookies-sitios-web-rastrear-preferencias<\/a><br \/>Chrome: <a href=\"http:\/\/support.google.com\/chrome\/bin\/answer.py?hl=es&amp;answer=95647\" target=\"_blank\" rel=\"noopener noreferrer\">http:\/\/support.google.com\/chrome\/bin\/answer.py?hl=es&amp;answer=95647<\/a><br \/>Explorer: <a href=\"https:\/\/support.microsoft.com\/es-es\/help\/17442\/windows-internet-explorer-delete-manage-cookies\" target=\"_blank\" rel=\"noopener noreferrer\">https:\/\/support.microsoft.com\/es-es\/help\/17442\/windows-internet-explorer-delete-manage-cookies<\/a><br \/>Safari (Mac): <a href=\"https:\/\/support.apple.com\/es-es\/guide\/safari\/sfri11471\/mac\" target=\"_blank\" rel=\"noopener noreferrer\">https:\/\/support.apple.com\/es-es\/guide\/safari\/sfri11471\/mac<\/a><br \/>Safari (IPhone\/Ipad): <a href=\"https:\/\/support.apple.com\/es-es\/HT201265\" target=\"_blank\" rel=\"noopener noreferrer\">https:\/\/support.apple.com\/es-es\/HT201265<\/a><br \/>Opera: <a href=\"https:\/\/help.opera.com\/en\/latest\/web-preferences\/#cookies\" target=\"_blank\" rel=\"noopener noreferrer\">https:\/\/help.opera.com\/en\/latest\/web-preferences\/#cookies<\/a><\/p><h4><strong>Responsable del Tratamiento<\/strong><\/h4><ul><li>DAVID SANTOS MORALES<\/li><li><strong>DNI<\/strong>:<strong>45728348R<\/strong><\/li><li><strong>DOMICILIO<\/strong>: Calle Antonio Machado 26<\/li><li><strong>C.P<\/strong>:38670<\/li><li><strong>PROVINCIA<\/strong>: ARME\u00d1IME, SANTA CRUZ DE TENERIFE<\/li><li><strong>TEL\u00c9FONO<\/strong>: 682 190 847<\/li><li><strong>EMAIL<\/strong>: info@canaryhousing.com<\/li><\/ul><h4><strong>Fin del tratamiento de datos<\/strong><\/h4><ul><li>Ofrecer un correcto y m\u00e1s sencillo funcionamiento de la web<\/li><li>Mantener la relaci\u00f3n comercial con el usuario<\/li><li>Realizar estudios estad\u00edsticos de forma agregada<\/li><li>Base jur\u00eddica del tratamiento<\/li><li>Consentimiento del interesado.<\/li><\/ul><h4><strong>Conservaci\u00f3n de los datos<\/strong><\/h4><p>Algunas de las cookies usadas guardar\u00e1n sus datos mientras mantenga la sesi\u00f3n abierta. Los datos extra\u00eddos por terceros ser\u00e1n almacenados durante un m\u00e1ximo de 2 a\u00f1os.<\/p><h4><strong>Comunicaci\u00f3n de los datos<\/strong><\/h4><p>No se comunicar\u00e1n los datos a terceros, salvo obligaci\u00f3n legal.<\/p><h4><strong>Derechos<\/strong><\/h4><ul><li>Derecho a retirar el consentimiento en cualquier momento.<\/li><li>Derecho de acceso, rectificaci\u00f3n, portabilidad y supresi\u00f3n de sus datos as\u00ed como a la limitaci\u00f3n u oposici\u00f3n a su tratamiento.<\/li><li>Derecho a reclamar ante la autoridad de control (www.aepd.es) si considera que el tratamiento no se ajusta a la normativa vigente.<\/li><\/ul>\t\t\t\t\t\t<\/div>\n\t\t\t\t<\/div>\n\t\t\t\t\t<\/div>\n\t\t<\/div>\n\t\t\t\t\t\t\t<\/div>\n\t\t<\/section>\n\t\t\t\t\t\t\t<\/div>","protected":false},"excerpt":{"rendered":"<p>POLITICA DE COOKIES Informaci\u00f3n sobre el uso de Cookies Desde Canaryhousin.com deseamos informarte que nuestra p\u00e1gina web utiliza cookies para analizar la navegaci\u00f3n de usuarios y<span class=\"excerpt-hellip\"> [\u2026]<\/span><\/p>","protected":false},"author":2,"featured_media":0,"parent":0,"menu_order":0,"comment_status":"closed","ping_status":"closed","template":"","meta":{"_monsterinsights_skip_tracking":false,"_monsterinsights_sitenote_active":false,"_monsterinsights_sitenote_note":"","_monsterinsights_sitenote_category":0,"_joinchat":[]},"_links":{"self":[{"href":"https:\/\/canaryhousing.com\/fr\/wp-json\/wp\/v2\/pages\/2055"}],"collection":[{"href":"https:\/\/canaryhousing.com\/fr\/wp-json\/wp\/v2\/pages"}],"about":[{"href":"https:\/\/canaryhousing.com\/fr\/wp-json\/wp\/v2\/types\/page"}],"author":[{"embeddable":true,"href":"https:\/\/canaryhousing.com\/fr\/wp-json\/wp\/v2\/users\/2"}],"replies":[{"embeddable":true,"href":"https:\/\/canaryhousing.com\/fr\/wp-json\/wp\/v2\/comments?post=2055"}],"version-history":[{"count":0,"href":"https:\/\/canaryhousing.com\/fr\/wp-json\/wp\/v2\/pages\/2055\/revisions"}],"wp:attachment":[{"href":"https:\/\/canaryhousing.com\/fr\/wp-json\/wp\/v2\/media?parent=2055"}],"curies":[{"name":"wp","href":"https:\/\/api.w.org\/{rel}","templated":true}]}}